{"id":19911,"date":"2024-11-19T15:42:33","date_gmt":"2024-11-19T14:42:33","guid":{"rendered":"https:\/\/basenet.com\/plantillas"},"modified":"2024-11-21T08:49:21","modified_gmt":"2024-11-21T07:49:21","slug":"plantillas","status":"publish","type":"page","link":"https:\/\/basenet.com\/es\/plantillas","title":{"rendered":"Plantillas"},"content":{"rendered":"<p>[et_pb_section fb_built=\u00bb1&#8243; custom_padding_last_edited=\u00bbon|phone\u00bb _builder_version=\u00bb4.27.2&#8243; _module_preset=\u00bbdefault\u00bb background_color=\u00bbgcid-592af79a-f4ae-40b4-929c-b018ee61a543&#8243; background_enable_image=\u00bboff\u00bb background_size=\u00bbcustom\u00bb background_image_width=\u00bb50%\u00bb background_position=\u00bbtop_right\u00bb background_horizontal_offset=\u00bb10%\u00bb background_vertical_offset=\u00bb0%\u00bb custom_padding=\u00bb40px||0px||false|false\u00bb custom_padding_tablet=\u00bb||||false|false\u00bb custom_padding_phone=\u00bb||32px||false|false\u00bb bottom_divider_color=\u00bb#FFCD00&#8243; locked=\u00bboff\u00bb global_colors_info=\u00bb{%22gcid-592af79a-f4ae-40b4-929c-b018ee61a543%22:%91%22bottom_divider_color%22,%22background_color%22%93}\u00bb][et_pb_row column_structure=\u00bb1_2,1_2&#8243; use_custom_gutter=\u00bbon\u00bb make_equal=\u00bbon\u00bb _builder_version=\u00bb4.27.2&#8243; _module_preset=\u00bbdefault\u00bb custom_padding=\u00bb||0px|||\u00bb global_colors_info=\u00bb{}\u00bb custom_css_main_element_last_edited=\u00bbon|tablet\u00bb custom_css_main_element_tablet=\u00bbdisplay: flex;||flex-wrap: wrap;\u00bb custom_css_main_element_phone=\u00bbdisplay: flex;||flex-wrap: wrap;\u00bb][et_pb_column type=\u00bb1_2&#8243; _builder_version=\u00bb4.27.2&#8243; _module_preset=\u00bbdefault\u00bb custom_padding=\u00bb||50px||false|false\u00bb custom_css_main_element=\u00bbmargin: auto;\u00bb global_colors_info=\u00bb{}\u00bb custom_css_main_element_last_edited=\u00bbon|desktop\u00bb custom_css_main_element_tablet=\u00bborder: 2;\u00bb custom_css_main_element_phone=\u00bborder: 2;\u00bb][et_pb_text content_tablet=\u00bb<\/p>\n<h1>Seguros e Hipotecas<\/h1>\n<p>\u00bb content_phone=\u00bb<\/p>\n<h1><span>Tecnolog\u00eda<br \/><\/span><span>X Blinqx<\/span><\/h1>\n<p>\u00bb content_last_edited=\u00bboff|desktop\u00bb _builder_version=\u00bb4.27.3&#8243; _module_preset=\u00bbdefault\u00bb text_font=\u00bbMetropolis Bold||||||||\u00bb header_font=\u00bb||||||||\u00bb header_line_height=\u00bb0.9em\u00bb custom_margin=\u00bb||10px||false|false\u00bb custom_padding=\u00bb||0px|||\u00bb header_font_size_tablet=\u00bb50px\u00bb header_font_size_phone=\u00bb\u00bb header_font_size_last_edited=\u00bbon|phone\u00bb locked=\u00bboff\u00bb global_colors_info=\u00bb{}\u00bb]<\/p>\n<h1>Plantillas<\/h1>\n<p>[\/et_pb_text][et_pb_text _builder_version=\u00bb4.27.3&#8243; _module_preset=\u00bbdefault\u00bb locked=\u00bboff\u00bb global_colors_info=\u00bb{}\u00bb]<\/p>\n<p><span>Las plantillas -tambi\u00e9n llamadas modelos- se utilizan en varios lugares de BaseNet.<\/span><\/p>\n<p>[\/et_pb_text][et_pb_button button_url=\u00bb#beginnen\u00bb button_text=\u00bbInicio\u00bb _builder_version=\u00bb4.27.2&#8243; _module_preset=\u00bb_initial\u00bb locked=\u00bboff\u00bb global_colors_info=\u00bb{}\u00bb][\/et_pb_button][\/et_pb_column][et_pb_column type=\u00bb1_2&#8243; _builder_version=\u00bb4.27.2&#8243; _module_preset=\u00bbdefault\u00bb custom_css_free_form=\u00bbselector {||  display: flex;||  align-items: flex-end;||}\u00bb global_colors_info=\u00bb{}\u00bb custom_css_main_element_last_edited=\u00bbon|tablet\u00bb custom_css_main_element_tablet=\u00bborder: 1;\u00bb custom_css_main_element_phone=\u00bborder: 1;\u00bb][et_pb_image src=\u00bbhttps:\/\/basenet.com\/wp-content\/uploads\/2024\/10\/CFO-Office-header.png\u00bb alt=\u00bbsoluciones de software\u00bb title_text=\u00bbcabecera de tarifas\u00bb src_tablet=\u00bbhttps:\/\/basenet.com\/wp-content\/uploads\/2024\/05\/Group-4481.png\u00bb src_phone=\u00bbhttps:\/\/basenet.com\/wp-content\/uploads\/2024\/05\/Group-4481.png\u00bb src_last_edited=\u00bboff|desktop\u00bb align_tablet=\u00bbcenter\u00bb align_phone=\u00bbcenter\u00bb align_last_edited=\u00bbon|tablet\u00bb _builder_version=\u00bb4.27.3&#8243; _module_preset=\u00bbdefault\u00bb transform_scale_tablet=\u00bb\u00bb transform_scale_phone=\u00bb\u00bb transform_scale_last_edited=\u00bbon|desktop\u00bb transform_translate_tablet=\u00bb\u00bb transform_translate_phone=\u00bb\u00bb transform_translate_last_edited=\u00bbon|desktop\u00bb transform_rotate_tablet=\u00bb0deg|0deg|0deg\u00bb transform_rotate_phone=\u00bb0deg|0deg|0deg\u00bb transform_rotate_last_edited=\u00bbon|desktop\u00bb transform_skew_tablet=\u00bb\u00bb transform_skew_phone=\u00bb\u00bb transform_skew_last_edited=\u00bbon|desktop\u00bb transform_origin_tablet=\u00bb\u00bb transform_origin_phone=\u00bb\u00bb transform_origin_last_edited=\u00bbon|desktop\u00bb transform_styles_last_edited=\u00bbon|desktop\u00bb position_origin_a=\u00bbtop_center\u00bb vertical_offset=\u00bb-32px\u00bb vertical_offset_tablet=\u00bb0px\u00bb vertical_offset_phone=\u00bb0px\u00bb vertical_offset_last_edited=\u00bbon|desktop\u00bb position_origin_a_tablet=\u00bbtop_center\u00bb position_origin_a_phone=\u00bbtop_center\u00bb position_origin_a_last_edited=\u00bboff|desktop\u00bb position_origin_f_last_edited=\u00bboff|desktop\u00bb position_origin_r_last_edited=\u00bboff|desktop\u00bb width=\u00bb100%\u00bb max_width_tablet=\u00bb400px\u00bb max_width_phone=\u00bb\u00bb max_width_last_edited=\u00bbon|phone\u00bb custom_margin=\u00bb||-150px||false|false\u00bb custom_margin_tablet=\u00bb||50px||false|false\u00bb custom_margin_phone=\u00bb||50px||false|false\u00bb custom_margin_last_edited=\u00bbon|tablet\u00bb animation_style=\u00bbslide\u00bb animation_direction=\u00bbbottom\u00bb animation_duration=\u00bb750ms\u00bb animation_delay=\u00bb300ms\u00bb animation_intensity_slide=\u00bb4%\u00bb transform_styles_tablet=\u00bb\u00bb transform_styles_phone=\u00bb\u00bb positioning_tablet=\u00bbrelative\u00bb positioning_phone=\u00bbrelative\u00bb positioning_last_edited=\u00bboff|desktop\u00bb global_colors_info=\u00bb{}\u00bb][\/et_pb_image][\/et_pb_column][\/et_pb_row][\/et_pb_section][et_pb_section fb_built=\u00bb1&#8243; _builder_version=\u00bb4.27.0&#8243; _module_preset=\u00bbdefault\u00bb height=\u00bb200px\u00bb height_tablet=\u00bb200px\u00bb height_phone=\u00bb40px\u00bb height_last_edited=\u00bbon|phone\u00bb custom_padding=\u00bb||3px|||\u00bb top_divider_style=\u00bbslant\u00bb top_divider_color=\u00bbgcid-592af79a-f4ae-40b4-929c-b018ee61a543&#8243; locked=\u00bboff\u00bb global_colors_info=\u00bb{%22gcid-592af79a-f4ae-40b4-929c-b018ee61a543%22:%91%22top_divider_color%22%93}\u00bb][\/et_pb_section][et_pb_section fb_built=\u00bb1&#8243; module_id=\u00bbempieza\u00bb _builder_version=\u00bb4.27.2&#8243; _module_preset=\u00bbdefault\u00bb custom_margin=\u00bb||||false|false\u00bb custom_padding=\u00bb||||false|false\u00bb global_colors_info=\u00bb{}\u00bb][et_pb_row _builder_version=\u00bb4.27.0&#8243; _module_preset=\u00bbdefault\u00bb max_width=\u00bb700px\u00bb custom_margin=\u00bb||||false|false\u00bb locked=\u00bboff\u00bb global_colors_info=\u00bb{}\u00bb][et_pb_column type=\u00bb4_4&#8243; _builder_version=\u00bb4.27.0&#8243; _module_preset=\u00bbdefault\u00bb global_colors_info=\u00bb{}\u00bb][et_pb_text _builder_version=\u00bb4.27.3&#8243; _module_preset=\u00bbdefault\u00bb header_2_text_align=\u00bbcenter\u00bb header_2_font_size=\u00bb45px\u00bb text_orientation=\u00bbcenter\u00bb custom_margin=\u00bb||10px||false|false\u00bb locked=\u00bboff\u00bb global_colors_info=\u00bb{}\u00bb]<\/p>\n<h2>\u00bfC\u00f3mo funcionan las plantillas?<\/h2>\n<p><span>Las plantillas te permiten redactar la correspondencia con eficacia. Nuestro portal del cliente te explica c\u00f3mo desarrollar o personalizar plantillas para redactar un correo electr\u00f3nico, una carta y\/o un fax. <\/span><\/p>\n<p>A continuaci\u00f3n encontrar\u00e1s enlaces \u00fatiles para empezar.<\/p>\n<p>[\/et_pb_text][\/et_pb_column][\/et_pb_row][\/et_pb_section][et_pb_section fb_built=\u00bb1&#8243; _builder_version=\u00bb4.27.2&#8243; _module_preset=\u00bbdefault\u00bb background_color=\u00bbRGBA(255,255,255,0)\u00bb min_height=\u00bb600.6px\u00bb custom_margin=\u00bb-2px|||||\u00bb custom_padding=\u00bb79px||79px|||\u00bb locked=\u00bboff\u00bb global_colors_info=\u00bb{}\u00bb][et_pb_row column_structure=\u00bb1_3,1_3,1_3&#8243; use_custom_gutter=\u00bbon\u00bb gutter_width=\u00bb2&#8243; make_equal=\u00bbon\u00bb _builder_version=\u00bb4.27.2&#8243; _module_preset=\u00bb53de6d42-cce6-4e09-ab57-60556aaefa13&#8243; background_color=\u00bbrgba(255,255,255,0)\u00bb custom_padding=\u00bb||||false|false\u00bb global_colors_info=\u00bb{}\u00bb][et_pb_column type=\u00bb1_3&#8243; _builder_version=\u00bb4.27.2&#8243; _module_preset=\u00bbdefault\u00bb background_color=\u00bb#FFFFFF\u00bb background_enable_image=\u00bboff\u00bb background_size=\u00bbcustom\u00bb background_image_width=\u00bb40%\u00bb background_position=\u00bbbottom_right\u00bb background_horizontal_offset=\u00bb1%\u00bb background_vertical_offset=\u00bb1%\u00bb background_blend=\u00bbcolor-dodge\u00bb custom_padding=\u00bb32px|24px|72px|24px|false|true\u00bb border_width_all=\u00bb2px\u00bb border_color_all=\u00bb#CAD5E3&#8243; global_colors_info=\u00bb{}\u00bb][et_pb_text _builder_version=\u00bb4.27.3&#8243; _module_preset=\u00bbdefault\u00bb header_2_font_size=\u00bb32px\u00bb custom_margin=\u00bb||8px||false|false\u00bb global_colors_info=\u00bb{}\u00bb]<\/p>\n<h2>Plantilla de pol\u00edtica<\/h2>\n<p>[\/et_pb_text][et_pb_text _builder_version=\u00bb4.27.3&#8243; _module_preset=\u00bbdefault\u00bb text_font_size=\u00bb16px\u00bb text_line_height=\u00bb24px\u00bb header_font_size=\u00bb32px\u00bb header_line_height=\u00bb32px\u00bb min_height=\u00bb72px\u00bb custom_padding=\u00bb||0px|||\u00bb global_colors_info=\u00bb{}\u00bb]<\/p>\n<p>Para servirte lo mejor y lo m\u00e1s r\u00e1pidamente posible, todas las solicitudes y deseos relativos a las plantillas y su desarrollo pasan por nuestro departamento de plantillas de forma centralizada. Antes de enviar una solicitud, te recomendamos que leas detenidamente nuestra pol\u00edtica de plantillas. Esto te ahorrar\u00e1 tiempo y dinero.  <\/p>\n<p><span><\/span><\/p>\n<p>[\/et_pb_text][et_pb_button button_url=\u00bb@ET-DC@eyJkeW5hbWljIjp0cnVlLCJjb250ZW50IjoicG9zdF9saW5rX3VybF9wYWdlIiwic2V0dGluZ3MiOnsicG9zdF9pZCI6IjE5ODkyIn19@\u00bb button_text=\u00bbSeguir leyendo\u00bb _builder_version=\u00bb4.27.3&#8243; _dynamic_attributes=\u00bbbutton_url\u00bb _module_preset=\u00bbfab1708d-a5f5-4612-99a3-7559526db522&#8243; custom_button=\u00bbon\u00bb button_text_size=\u00bb14px\u00bb button_icon=\u00bb&#x24;||divi||400&#8243; button_on_hover=\u00bboff\u00bb positioning=\u00bbabsolute\u00bb position_origin_a=\u00bbbottom_left\u00bb vertical_offset=\u00bb25px\u00bb horizontal_offset=\u00bb25px\u00bb custom_margin=\u00bb||||false|false\u00bb custom_padding=\u00bb5px|30px|5px|15px|false|false\u00bb global_colors_info=\u00bb{}\u00bb][\/et_pb_button][\/et_pb_column][et_pb_column type=\u00bb1_3&#8243; _builder_version=\u00bb4.27.2&#8243; _module_preset=\u00bbdefault\u00bb background_color=\u00bb#FFFFFF\u00bb background_enable_image=\u00bboff\u00bb background_size=\u00bbcustom\u00bb background_image_width=\u00bb40%\u00bb background_position=\u00bbbottom_right\u00bb background_horizontal_offset=\u00bb1%\u00bb background_vertical_offset=\u00bb1%\u00bb background_blend=\u00bbcolor-dodge\u00bb custom_padding=\u00bb32px|24px|72px|24px|false|true\u00bb custom_css_after=\u00bb\t\u00bb border_width_all=\u00bb2px\u00bb border_color_all=\u00bb#CAD5E3&#8243; global_colors_info=\u00bb{}\u00bb][et_pb_text _builder_version=\u00bb4.27.3&#8243; _module_preset=\u00bbdefault\u00bb header_font_size=\u00bb32px\u00bb header_2_font_size=\u00bb32px\u00bb custom_margin=\u00bb||8px||false|false\u00bb global_colors_info=\u00bb{}\u00bb]<\/p>\n<h2>C\u00f3digos de plantilla<\/h2>\n<p>[\/et_pb_text][et_pb_text _builder_version=\u00bb4.27.3&#8243; _module_preset=\u00bbdefault\u00bb text_font_size=\u00bb16px\u00bb text_line_height=\u00bb24px\u00bb header_font_size=\u00bb32px\u00bb header_line_height=\u00bb32px\u00bb min_height=\u00bb72px\u00bb custom_padding=\u00bb||0px|||\u00bb global_colors_info=\u00bb{}\u00bb]<\/p>\n<p>Una plantilla para preparar tu correspondencia consta b\u00e1sicamente de varios c\u00f3digos de plantilla que se refieren a campos de tu sistema, por ejemplo, la relaci\u00f3n a la que has vinculado la carta. Al crear una plantilla de correspondencia, se recupera el valor introducido en el sistema para estos campos. Este valor aparecer\u00e1 en el lugar del c\u00f3digo de plantilla. Hemos enumerado convenientemente los c\u00f3digos de plantilla m\u00e1s comunes.   <\/p>\n<p><span><br \/><\/span><span><\/span><\/p>\n<p><span><\/span><\/p>\n<p><span><\/span><\/p>\n<p>[\/et_pb_text][et_pb_button button_url=\u00bb@ET-DC@eyJkeW5hbWljIjp0cnVlLCJjb250ZW50IjoicG9zdF9saW5rX3VybF9wYWdlIiwic2V0dGluZ3MiOnsicG9zdF9pZCI6IjE5ODg2In19@\u00bb button_text=\u00bbSeguir leyendo\u00bb _builder_version=\u00bb4.27.3&#8243; _dynamic_attributes=\u00bbbutton_url\u00bb _module_preset=\u00bbfab1708d-a5f5-4612-99a3-7559526db522&#8243; custom_button=\u00bbon\u00bb button_text_size=\u00bb14px\u00bb button_icon=\u00bb&#x24;||divi||400&#8243; button_on_hover=\u00bboff\u00bb positioning=\u00bbabsolute\u00bb position_origin_a=\u00bbbottom_left\u00bb vertical_offset=\u00bb25px\u00bb horizontal_offset=\u00bb25px\u00bb custom_margin=\u00bb||||false|false\u00bb custom_padding=\u00bb5px|30px|5px|15px|false|false\u00bb global_colors_info=\u00bb{}\u00bb][\/et_pb_button][\/et_pb_column][et_pb_column type=\u00bb1_3&#8243; _builder_version=\u00bb4.27.2&#8243; _module_preset=\u00bbdefault\u00bb background_color=\u00bb#ffffff\u00bb background_enable_image=\u00bboff\u00bb background_size=\u00bbcustom\u00bb background_image_width=\u00bb40%\u00bb background_position=\u00bbbottom_right\u00bb background_horizontal_offset=\u00bb1%\u00bb background_vertical_offset=\u00bb1%\u00bb background_blend=\u00bbcolor-dodge\u00bb custom_padding=\u00bb32px|24px|72px|24px|false|true\u00bb border_width_all=\u00bb2px\u00bb border_color_all=\u00bb#CAD5E3&#8243; global_colors_info=\u00bb{}\u00bb][et_pb_text _builder_version=\u00bb4.27.3&#8243; _module_preset=\u00bbdefault\u00bb header_2_font_size=\u00bb32px\u00bb custom_margin=\u00bb||8px||false|false\u00bb global_colors_info=\u00bb{}\u00bb]<\/p>\n<h2>Fuentes<\/h2>\n<p>[\/et_pb_text][et_pb_text _builder_version=\u00bb4.27.3&#8243; _module_preset=\u00bbdefault\u00bb text_font_size=\u00bb16px\u00bb text_line_height=\u00bb24px\u00bb header_font_size=\u00bb32px\u00bb header_line_height=\u00bb32px\u00bb min_height=\u00bb72px\u00bb custom_padding=\u00bb||45px|||\u00bb global_colors_info=\u00bb{}\u00bb]<\/p>\n<p>Por defecto, no todas las fuentes est\u00e1n disponibles para los distintos tipos de plantillas. Para los documentos, est\u00e1n disponibles las fuentes predeterminadas de MS Office. Para las plantillas de correo electr\u00f3nico (incluidos los boletines digitales), est\u00e1n disponibles los tipos de letra est\u00e1ndar para la web.  <\/p>\n<p>\u00bfQuieres saber m\u00e1s sobre el uso de plantillas? Lee nuestra pol\u00edtica de plantillas <\/p>\n<p>[\/et_pb_text][et_pb_button button_url=\u00bb@ET-DC@eyJkeW5hbWljIjp0cnVlLCJjb250ZW50IjoicG9zdF9saW5rX3VybF9wYWdlIiwic2V0dGluZ3MiOnsicG9zdF9pZCI6IjE5ODkyIn19@\u00bb button_text=\u00bbLeer pol\u00edtica\u00bb _builder_version=\u00bb4.27.3&#8243; _dynamic_attributes=\u00bbbutton_url\u00bb _module_preset=\u00bbfab1708d-a5f5-4612-99a3-7559526db522&#8243; custom_button=\u00bbon\u00bb button_text_size=\u00bb14px\u00bb button_icon=\u00bb&#x24;||divi||400&#8243; button_on_hover=\u00bboff\u00bb positioning=\u00bbabsolute\u00bb position_origin_a=\u00bbbottom_left\u00bb vertical_offset=\u00bb25px\u00bb horizontal_offset=\u00bb25px\u00bb custom_margin=\u00bb||||false|false\u00bb custom_padding=\u00bb5px|30px|5px|15px|false|false\u00bb global_colors_info=\u00bb{}\u00bb][\/et_pb_button][\/et_pb_column][\/et_pb_row][\/et_pb_section]<\/p>\n","protected":false},"excerpt":{"rendered":"<p>PlantillasLas plantillas -tambi\u00e9n llamadas modelos- se utilizan en varios lugares de BaseNet.\u00bfC\u00f3mo funcionan las plantillas? Las plantillas te permiten redactar la correspondencia con eficacia. Nuestro portal del cliente te explica c\u00f3mo desarrollar o personalizar plantillas para redactar un correo electr\u00f3nico, una carta y\/o un fax. A continuaci\u00f3n encontrar\u00e1s enlaces \u00fatiles para empezar.Plantilla de pol\u00edticaPara servirte [&hellip;]<\/p>\n","protected":false},"author":3,"featured_media":0,"parent":0,"menu_order":0,"comment_status":"closed","ping_status":"closed","template":"","meta":{"_acf_changed":false,"_et_pb_use_builder":"on","_et_pb_old_content":"","_et_gb_content_width":"","content-type":"","footnotes":"","_links_to":"","_links_to_target":""},"page_tag":[],"class_list":["post-19911","page","type-page","status-publish","hentry"],"acf":[],"yoast_head":"<!-- This site is optimized with the Yoast SEO plugin v27.3 - https:\/\/yoast.com\/product\/yoast-seo-wordpress\/ -->\n<title>Plantillas - BaseNet<\/title>\n<meta name=\"description\" content=\"Aqu\u00ed encontrar\u00e1s toda la informaci\u00f3n relevante para cambiar sin esfuerzo, ponerte en marcha y mantener al d\u00eda tus conocimientos. Si no encuentras lo que buscas, nuestro servicio de asistencia est\u00e1 dispuesto a ayudarte.\" \/>\n<meta name=\"robots\" content=\"index, follow, max-snippet:-1, max-image-preview:large, max-video-preview:-1\" \/>\n<link rel=\"canonical\" href=\"https:\/\/basenet.com\/es\/plantillas\" \/>\n<meta property=\"og:locale\" content=\"es_ES\" \/>\n<meta property=\"og:type\" content=\"article\" \/>\n<meta property=\"og:title\" content=\"Plantillas - BaseNet\" \/>\n<meta property=\"og:description\" content=\"Aqu\u00ed encontrar\u00e1s toda la informaci\u00f3n relevante para cambiar sin esfuerzo, ponerte en marcha y mantener al d\u00eda tus conocimientos. Si no encuentras lo que buscas, nuestro servicio de asistencia est\u00e1 dispuesto a ayudarte.\" \/>\n<meta property=\"og:url\" content=\"https:\/\/basenet.com\/es\/plantillas\" \/>\n<meta property=\"og:site_name\" content=\"BaseNet\" \/>\n<meta property=\"article:modified_time\" content=\"2024-11-21T07:49:21+00:00\" \/>\n<meta name=\"twitter:card\" content=\"summary_large_image\" \/>\n<meta name=\"twitter:label1\" content=\"Tiempo de lectura\" \/>\n\t<meta name=\"twitter:data1\" content=\"9 minutos\" \/>\n<script type=\"application\/ld+json\" class=\"yoast-schema-graph\">{\"@context\":\"https:\\\/\\\/schema.org\",\"@graph\":[{\"@type\":\"WebPage\",\"@id\":\"https:\\\/\\\/basenet.com\\\/es\\\/plantillas\",\"url\":\"https:\\\/\\\/basenet.com\\\/es\\\/plantillas\",\"name\":\"Plantillas - BaseNet\",\"isPartOf\":{\"@id\":\"https:\\\/\\\/basenet.com\\\/es#website\"},\"datePublished\":\"2024-11-19T14:42:33+00:00\",\"dateModified\":\"2024-11-21T07:49:21+00:00\",\"description\":\"Aqu\u00ed encontrar\u00e1s toda la informaci\u00f3n relevante para cambiar sin esfuerzo, ponerte en marcha y mantener al d\u00eda tus conocimientos. Si no encuentras lo que buscas, nuestro servicio de asistencia est\u00e1 dispuesto a ayudarte.\",\"breadcrumb\":{\"@id\":\"https:\\\/\\\/basenet.com\\\/es\\\/plantillas#breadcrumb\"},\"inLanguage\":\"es\",\"potentialAction\":[{\"@type\":\"ReadAction\",\"target\":[\"https:\\\/\\\/basenet.com\\\/es\\\/plantillas\"]}]},{\"@type\":\"BreadcrumbList\",\"@id\":\"https:\\\/\\\/basenet.com\\\/es\\\/plantillas#breadcrumb\",\"itemListElement\":[{\"@type\":\"ListItem\",\"position\":1,\"name\":\"Home\",\"item\":\"https:\\\/\\\/basenet.com\\\/es\"},{\"@type\":\"ListItem\",\"position\":2,\"name\":\"Plantillas\"}]},{\"@type\":\"WebSite\",\"@id\":\"https:\\\/\\\/basenet.com\\\/es#website\",\"url\":\"https:\\\/\\\/basenet.com\\\/es\",\"name\":\"BaseNet\",\"description\":\"Stay ahead.\",\"publisher\":{\"@id\":\"https:\\\/\\\/basenet.com\\\/es#organization\"},\"potentialAction\":[{\"@type\":\"SearchAction\",\"target\":{\"@type\":\"EntryPoint\",\"urlTemplate\":\"https:\\\/\\\/basenet.com\\\/es?s={search_term_string}\"},\"query-input\":{\"@type\":\"PropertyValueSpecification\",\"valueRequired\":true,\"valueName\":\"search_term_string\"}}],\"inLanguage\":\"es\"},{\"@type\":\"Organization\",\"@id\":\"https:\\\/\\\/basenet.com\\\/es#organization\",\"name\":\"BaseNet\",\"url\":\"https:\\\/\\\/basenet.com\\\/es\",\"logo\":{\"@type\":\"ImageObject\",\"inLanguage\":\"es\",\"@id\":\"https:\\\/\\\/basenet.com\\\/es#\\\/schema\\\/logo\\\/image\\\/\",\"url\":\"\",\"contentUrl\":\"\",\"caption\":\"BaseNet\"},\"image\":{\"@id\":\"https:\\\/\\\/basenet.com\\\/es#\\\/schema\\\/logo\\\/image\\\/\"}}]}<\/script>\n<!-- \/ Yoast SEO plugin. -->","yoast_head_json":{"title":"Plantillas - BaseNet","description":"Aqu\u00ed encontrar\u00e1s toda la informaci\u00f3n relevante para cambiar sin esfuerzo, ponerte en marcha y mantener al d\u00eda tus conocimientos. Si no encuentras lo que buscas, nuestro servicio de asistencia est\u00e1 dispuesto a ayudarte.","robots":{"index":"index","follow":"follow","max-snippet":"max-snippet:-1","max-image-preview":"max-image-preview:large","max-video-preview":"max-video-preview:-1"},"canonical":"https:\/\/basenet.com\/es\/plantillas","og_locale":"es_ES","og_type":"article","og_title":"Plantillas - BaseNet","og_description":"Aqu\u00ed encontrar\u00e1s toda la informaci\u00f3n relevante para cambiar sin esfuerzo, ponerte en marcha y mantener al d\u00eda tus conocimientos. Si no encuentras lo que buscas, nuestro servicio de asistencia est\u00e1 dispuesto a ayudarte.","og_url":"https:\/\/basenet.com\/es\/plantillas","og_site_name":"BaseNet","article_modified_time":"2024-11-21T07:49:21+00:00","twitter_card":"summary_large_image","twitter_misc":{"Tiempo de lectura":"9 minutos"},"schema":{"@context":"https:\/\/schema.org","@graph":[{"@type":"WebPage","@id":"https:\/\/basenet.com\/es\/plantillas","url":"https:\/\/basenet.com\/es\/plantillas","name":"Plantillas - BaseNet","isPartOf":{"@id":"https:\/\/basenet.com\/es#website"},"datePublished":"2024-11-19T14:42:33+00:00","dateModified":"2024-11-21T07:49:21+00:00","description":"Aqu\u00ed encontrar\u00e1s toda la informaci\u00f3n relevante para cambiar sin esfuerzo, ponerte en marcha y mantener al d\u00eda tus conocimientos. Si no encuentras lo que buscas, nuestro servicio de asistencia est\u00e1 dispuesto a ayudarte.","breadcrumb":{"@id":"https:\/\/basenet.com\/es\/plantillas#breadcrumb"},"inLanguage":"es","potentialAction":[{"@type":"ReadAction","target":["https:\/\/basenet.com\/es\/plantillas"]}]},{"@type":"BreadcrumbList","@id":"https:\/\/basenet.com\/es\/plantillas#breadcrumb","itemListElement":[{"@type":"ListItem","position":1,"name":"Home","item":"https:\/\/basenet.com\/es"},{"@type":"ListItem","position":2,"name":"Plantillas"}]},{"@type":"WebSite","@id":"https:\/\/basenet.com\/es#website","url":"https:\/\/basenet.com\/es","name":"BaseNet","description":"Stay ahead.","publisher":{"@id":"https:\/\/basenet.com\/es#organization"},"potentialAction":[{"@type":"SearchAction","target":{"@type":"EntryPoint","urlTemplate":"https:\/\/basenet.com\/es?s={search_term_string}"},"query-input":{"@type":"PropertyValueSpecification","valueRequired":true,"valueName":"search_term_string"}}],"inLanguage":"es"},{"@type":"Organization","@id":"https:\/\/basenet.com\/es#organization","name":"BaseNet","url":"https:\/\/basenet.com\/es","logo":{"@type":"ImageObject","inLanguage":"es","@id":"https:\/\/basenet.com\/es#\/schema\/logo\/image\/","url":"","contentUrl":"","caption":"BaseNet"},"image":{"@id":"https:\/\/basenet.com\/es#\/schema\/logo\/image\/"}}]}},"_links":{"self":[{"href":"https:\/\/basenet.com\/es\/wp-json\/wp\/v2\/pages\/19911","targetHints":{"allow":["GET"]}}],"collection":[{"href":"https:\/\/basenet.com\/es\/wp-json\/wp\/v2\/pages"}],"about":[{"href":"https:\/\/basenet.com\/es\/wp-json\/wp\/v2\/types\/page"}],"author":[{"embeddable":true,"href":"https:\/\/basenet.com\/es\/wp-json\/wp\/v2\/users\/3"}],"replies":[{"embeddable":true,"href":"https:\/\/basenet.com\/es\/wp-json\/wp\/v2\/comments?post=19911"}],"version-history":[{"count":2,"href":"https:\/\/basenet.com\/es\/wp-json\/wp\/v2\/pages\/19911\/revisions"}],"predecessor-version":[{"id":19913,"href":"https:\/\/basenet.com\/es\/wp-json\/wp\/v2\/pages\/19911\/revisions\/19913"}],"wp:attachment":[{"href":"https:\/\/basenet.com\/es\/wp-json\/wp\/v2\/media?parent=19911"}],"wp:term":[{"taxonomy":"page_tag","embeddable":true,"href":"https:\/\/basenet.com\/es\/wp-json\/wp\/v2\/page_tag?post=19911"}],"curies":[{"name":"wp","href":"https:\/\/api.w.org\/{rel}","templated":true}]}}