{"id":18827,"date":"2023-06-06T19:13:26","date_gmt":"2023-06-06T17:13:26","guid":{"rendered":"https:\/\/basenet.com\/declaracion-de-privacidad"},"modified":"2025-06-19T12:07:59","modified_gmt":"2025-06-19T10:07:59","slug":"declaracion-de-privacidad","status":"publish","type":"page","link":"https:\/\/basenet.com\/es\/declaracion-de-privacidad","title":{"rendered":"Declaraci\u00f3n de privacidad"},"content":{"rendered":"<p>[et_pb_section fb_built=\u00bb1&#8243; next_background_color=\u00bb#ffffff\u00bb _builder_version=\u00bb4.21.0&#8243; _module_preset=\u00bbdefault\u00bb background_color=\u00bb#FFCD00&#8243; background_image=\u00bbhttps:\/\/basenet.com\/wp-content\/uploads\/2023\/07\/Header-Hexagons.png\u00bb background_size=\u00bbcustom\u00bb background_image_width=\u00bb50%\u00bb background_position=\u00bbtop_right\u00bb background_horizontal_offset=\u00bb10%\u00bb background_vertical_offset=\u00bb0%\u00bb bottom_divider_style=\u00bbslant\u00bb global_colors_info=\u00bb{}\u00bb][\/et_pb_section][et_pb_section fb_built=\u00bb1&#8243; _builder_version=\u00bb4.21.0&#8243; _module_preset=\u00bbdefault\u00bb custom_padding=\u00bb0px||0px|||\u00bb global_colors_info=\u00bb{}\u00bb][et_pb_row _builder_version=\u00bb4.21.0&#8243; _module_preset=\u00bbdefault\u00bb max_width=\u00bb785px\u00bb hover_enabled=\u00bb0&#8243; global_colors_info=\u00bb{}\u00bb sticky_enabled=\u00bb0&#8243;][et_pb_column type=\u00bb4_4&#8243; _builder_version=\u00bb4.21.0&#8243; _module_preset=\u00bbdefault\u00bb global_colors_info=\u00bb{}\u00bb][et_pb_text _builder_version=\u00bb4.21.0&#8243; _module_preset=\u00bbdefault\u00bb header_2_font_size=\u00bb50px\u00bb custom_margin=\u00bb||10px||false|false\u00bb locked=\u00bboff\u00bb global_colors_info=\u00bb{}\u00bb]<\/p>\n<h2>Declaraci\u00f3n de privacidad<\/h2>\n<p>[\/et_pb_text][et_pb_divider color=\u00bb#000000&#8243; divider_weight=\u00bb10px\u00bb _builder_version=\u00bb4.21.0&#8243; _module_preset=\u00bbdefault\u00bb width=\u00bb57px\u00bb locked=\u00bboff\u00bb global_colors_info=\u00bb{}\u00bb][\/et_pb_divider][et_pb_text _builder_version=\u00bb4.27.4&#8243; _module_preset=\u00bbdefault\u00bb text_line_height=\u00bb30px\u00bb custom_padding=\u00bb||32px|||\u00bb hover_enabled=\u00bb0&#8243; global_colors_info=\u00bb{}\u00bb sticky_enabled=\u00bb0&#8243;]<\/p>\n<p>BaseNet Internet Services, S.L.U. (\u00abBaseNet\u00bb), con sede en\u00a0calle de Marie Curie, 15, bajo 3, Campanillas, 29590 M\u00e1laga, es responsable del tratamiento de los datos personales reflejados en esta <a href=\"https:\/\/clientes.prodat.es\/privacidad\/MLG\/basenet\">declaraci\u00f3n de privacidad<\/a>.<\/p>\n<p><strong>\u00bfTienes preguntas?<\/strong><br \/>\u00bfTodav\u00eda tienes preguntas? Entonces siempre puedes ponerte en contacto con nosotros en la direcci\u00f3n de correo electr\u00f3nico rgpd@basenet.com o por tel\u00e9fono en el +34 951 240 019.<\/p>\n<p>[\/et_pb_text][\/et_pb_column][\/et_pb_row][\/et_pb_section]<\/p>\n","protected":false},"excerpt":{"rendered":"<p>Declaraci\u00f3n de privacidadBaseNet Internet Services, S.L.U. (\u00abBaseNet\u00bb), con sede en\u00a0calle de Marie Curie, 15, bajo 3, Campanillas, 29590 M\u00e1laga, es responsable del tratamiento de los datos personales reflejados en esta declaraci\u00f3n de privacidad. \u00bfTienes preguntas?\u00bfTodav\u00eda tienes preguntas? Entonces siempre puedes ponerte en contacto con nosotros en la direcci\u00f3n de correo electr\u00f3nico rgpd@basenet.com o por tel\u00e9fono [&hellip;]<\/p>\n","protected":false},"author":3,"featured_media":0,"parent":0,"menu_order":0,"comment_status":"closed","ping_status":"closed","template":"","meta":{"_acf_changed":false,"_et_pb_use_builder":"on","_et_pb_old_content":"","_et_gb_content_width":"","content-type":"","footnotes":"","_links_to":"","_links_to_target":""},"page_tag":[],"class_list":["post-18827","page","type-page","status-publish","hentry"],"acf":[],"yoast_head":"<!-- This site is optimized with the Yoast SEO plugin v27.3 - https:\/\/yoast.com\/product\/yoast-seo-wordpress\/ -->\n<title>Declaraci\u00f3n de privacidad - BaseNet<\/title>\n<meta name=\"robots\" content=\"index, follow, max-snippet:-1, max-image-preview:large, max-video-preview:-1\" \/>\n<link rel=\"canonical\" href=\"https:\/\/basenet.com\/es\/declaracion-de-privacidad\" \/>\n<meta property=\"og:locale\" content=\"es_ES\" \/>\n<meta property=\"og:type\" content=\"article\" \/>\n<meta property=\"og:title\" content=\"Declaraci\u00f3n de privacidad - BaseNet\" \/>\n<meta property=\"og:description\" content=\"Declaraci\u00f3n de privacidadBaseNet Internet Services, S.L.U. (\u00abBaseNet\u00bb), con sede en\u00a0calle de Marie Curie, 15, bajo 3, Campanillas, 29590 M\u00e1laga, es responsable del tratamiento de los datos personales reflejados en esta declaraci\u00f3n de privacidad. \u00bfTienes preguntas?\u00bfTodav\u00eda tienes preguntas? Entonces siempre puedes ponerte en contacto con nosotros en la direcci\u00f3n de correo electr\u00f3nico rgpd@basenet.com o por tel\u00e9fono [&hellip;]\" \/>\n<meta property=\"og:url\" content=\"https:\/\/basenet.com\/es\/declaracion-de-privacidad\" \/>\n<meta property=\"og:site_name\" content=\"BaseNet\" \/>\n<meta property=\"article:modified_time\" content=\"2025-06-19T10:07:59+00:00\" \/>\n<meta name=\"twitter:card\" content=\"summary_large_image\" \/>\n<meta name=\"twitter:label1\" content=\"Tiempo de lectura\" \/>\n\t<meta name=\"twitter:data1\" content=\"3 minutos\" \/>\n<script type=\"application\/ld+json\" class=\"yoast-schema-graph\">{\"@context\":\"https:\\\/\\\/schema.org\",\"@graph\":[{\"@type\":\"WebPage\",\"@id\":\"https:\\\/\\\/basenet.com\\\/es\\\/declaracion-de-privacidad\",\"url\":\"https:\\\/\\\/basenet.com\\\/es\\\/declaracion-de-privacidad\",\"name\":\"Declaraci\u00f3n de privacidad - BaseNet\",\"isPartOf\":{\"@id\":\"https:\\\/\\\/basenet.com\\\/es#website\"},\"datePublished\":\"2023-06-06T17:13:26+00:00\",\"dateModified\":\"2025-06-19T10:07:59+00:00\",\"breadcrumb\":{\"@id\":\"https:\\\/\\\/basenet.com\\\/es\\\/declaracion-de-privacidad#breadcrumb\"},\"inLanguage\":\"es\",\"potentialAction\":[{\"@type\":\"ReadAction\",\"target\":[\"https:\\\/\\\/basenet.com\\\/es\\\/declaracion-de-privacidad\"]}]},{\"@type\":\"BreadcrumbList\",\"@id\":\"https:\\\/\\\/basenet.com\\\/es\\\/declaracion-de-privacidad#breadcrumb\",\"itemListElement\":[{\"@type\":\"ListItem\",\"position\":1,\"name\":\"Home\",\"item\":\"https:\\\/\\\/basenet.com\\\/es\"},{\"@type\":\"ListItem\",\"position\":2,\"name\":\"Declaraci\u00f3n de privacidad\"}]},{\"@type\":\"WebSite\",\"@id\":\"https:\\\/\\\/basenet.com\\\/es#website\",\"url\":\"https:\\\/\\\/basenet.com\\\/es\",\"name\":\"BaseNet\",\"description\":\"Stay ahead.\",\"publisher\":{\"@id\":\"https:\\\/\\\/basenet.com\\\/es#organization\"},\"potentialAction\":[{\"@type\":\"SearchAction\",\"target\":{\"@type\":\"EntryPoint\",\"urlTemplate\":\"https:\\\/\\\/basenet.com\\\/es?s={search_term_string}\"},\"query-input\":{\"@type\":\"PropertyValueSpecification\",\"valueRequired\":true,\"valueName\":\"search_term_string\"}}],\"inLanguage\":\"es\"},{\"@type\":\"Organization\",\"@id\":\"https:\\\/\\\/basenet.com\\\/es#organization\",\"name\":\"BaseNet\",\"url\":\"https:\\\/\\\/basenet.com\\\/es\",\"logo\":{\"@type\":\"ImageObject\",\"inLanguage\":\"es\",\"@id\":\"https:\\\/\\\/basenet.com\\\/es#\\\/schema\\\/logo\\\/image\\\/\",\"url\":\"\",\"contentUrl\":\"\",\"caption\":\"BaseNet\"},\"image\":{\"@id\":\"https:\\\/\\\/basenet.com\\\/es#\\\/schema\\\/logo\\\/image\\\/\"}}]}<\/script>\n<!-- \/ Yoast SEO plugin. -->","yoast_head_json":{"title":"Declaraci\u00f3n de privacidad - BaseNet","robots":{"index":"index","follow":"follow","max-snippet":"max-snippet:-1","max-image-preview":"max-image-preview:large","max-video-preview":"max-video-preview:-1"},"canonical":"https:\/\/basenet.com\/es\/declaracion-de-privacidad","og_locale":"es_ES","og_type":"article","og_title":"Declaraci\u00f3n de privacidad - BaseNet","og_description":"Declaraci\u00f3n de privacidadBaseNet Internet Services, S.L.U. (\u00abBaseNet\u00bb), con sede en\u00a0calle de Marie Curie, 15, bajo 3, Campanillas, 29590 M\u00e1laga, es responsable del tratamiento de los datos personales reflejados en esta declaraci\u00f3n de privacidad. \u00bfTienes preguntas?\u00bfTodav\u00eda tienes preguntas? Entonces siempre puedes ponerte en contacto con nosotros en la direcci\u00f3n de correo electr\u00f3nico rgpd@basenet.com o por tel\u00e9fono [&hellip;]","og_url":"https:\/\/basenet.com\/es\/declaracion-de-privacidad","og_site_name":"BaseNet","article_modified_time":"2025-06-19T10:07:59+00:00","twitter_card":"summary_large_image","twitter_misc":{"Tiempo de lectura":"3 minutos"},"schema":{"@context":"https:\/\/schema.org","@graph":[{"@type":"WebPage","@id":"https:\/\/basenet.com\/es\/declaracion-de-privacidad","url":"https:\/\/basenet.com\/es\/declaracion-de-privacidad","name":"Declaraci\u00f3n de privacidad - BaseNet","isPartOf":{"@id":"https:\/\/basenet.com\/es#website"},"datePublished":"2023-06-06T17:13:26+00:00","dateModified":"2025-06-19T10:07:59+00:00","breadcrumb":{"@id":"https:\/\/basenet.com\/es\/declaracion-de-privacidad#breadcrumb"},"inLanguage":"es","potentialAction":[{"@type":"ReadAction","target":["https:\/\/basenet.com\/es\/declaracion-de-privacidad"]}]},{"@type":"BreadcrumbList","@id":"https:\/\/basenet.com\/es\/declaracion-de-privacidad#breadcrumb","itemListElement":[{"@type":"ListItem","position":1,"name":"Home","item":"https:\/\/basenet.com\/es"},{"@type":"ListItem","position":2,"name":"Declaraci\u00f3n de privacidad"}]},{"@type":"WebSite","@id":"https:\/\/basenet.com\/es#website","url":"https:\/\/basenet.com\/es","name":"BaseNet","description":"Stay ahead.","publisher":{"@id":"https:\/\/basenet.com\/es#organization"},"potentialAction":[{"@type":"SearchAction","target":{"@type":"EntryPoint","urlTemplate":"https:\/\/basenet.com\/es?s={search_term_string}"},"query-input":{"@type":"PropertyValueSpecification","valueRequired":true,"valueName":"search_term_string"}}],"inLanguage":"es"},{"@type":"Organization","@id":"https:\/\/basenet.com\/es#organization","name":"BaseNet","url":"https:\/\/basenet.com\/es","logo":{"@type":"ImageObject","inLanguage":"es","@id":"https:\/\/basenet.com\/es#\/schema\/logo\/image\/","url":"","contentUrl":"","caption":"BaseNet"},"image":{"@id":"https:\/\/basenet.com\/es#\/schema\/logo\/image\/"}}]}},"_links":{"self":[{"href":"https:\/\/basenet.com\/es\/wp-json\/wp\/v2\/pages\/18827","targetHints":{"allow":["GET"]}}],"collection":[{"href":"https:\/\/basenet.com\/es\/wp-json\/wp\/v2\/pages"}],"about":[{"href":"https:\/\/basenet.com\/es\/wp-json\/wp\/v2\/types\/page"}],"author":[{"embeddable":true,"href":"https:\/\/basenet.com\/es\/wp-json\/wp\/v2\/users\/3"}],"replies":[{"embeddable":true,"href":"https:\/\/basenet.com\/es\/wp-json\/wp\/v2\/comments?post=18827"}],"version-history":[{"count":13,"href":"https:\/\/basenet.com\/es\/wp-json\/wp\/v2\/pages\/18827\/revisions"}],"predecessor-version":[{"id":20929,"href":"https:\/\/basenet.com\/es\/wp-json\/wp\/v2\/pages\/18827\/revisions\/20929"}],"wp:attachment":[{"href":"https:\/\/basenet.com\/es\/wp-json\/wp\/v2\/media?parent=18827"}],"wp:term":[{"taxonomy":"page_tag","embeddable":true,"href":"https:\/\/basenet.com\/es\/wp-json\/wp\/v2\/page_tag?post=18827"}],"curies":[{"name":"wp","href":"https:\/\/api.w.org\/{rel}","templated":true}]}}