{"id":18583,"date":"2023-11-06T11:36:20","date_gmt":"2023-11-06T10:36:20","guid":{"rendered":"https:\/\/basenet.com\/declaracion-sobre-cookies"},"modified":"2025-05-28T17:16:48","modified_gmt":"2025-05-28T15:16:48","slug":"declaracion-sobre-cookies","status":"publish","type":"page","link":"https:\/\/basenet.com\/es\/declaracion-sobre-cookies","title":{"rendered":"Declaraci\u00f3n sobre cookies"},"content":{"rendered":"<p>[et_pb_section fb_built=\u00bb1&#8243; next_background_color=\u00bb#ffffff\u00bb _builder_version=\u00bb4.21.0&#8243; _module_preset=\u00bbdefault\u00bb background_color=\u00bb#FFCD00&#8243; background_image=\u00bbhttps:\/\/basenet.com\/wp-content\/uploads\/2023\/07\/Header-Hexagons.png\u00bb background_size=\u00bbcustom\u00bb background_image_width=\u00bb50%\u00bb background_position=\u00bbtop_right\u00bb background_horizontal_offset=\u00bb10%\u00bb background_vertical_offset=\u00bb0%\u00bb bottom_divider_style=\u00bbslant\u00bb global_colors_info=\u00bb{}\u00bb][\/et_pb_section][et_pb_section fb_built=\u00bb1&#8243; _builder_version=\u00bb4.21.0&#8243; _module_preset=\u00bbdefault\u00bb custom_padding=\u00bb0px||0px|||\u00bb hover_enabled=\u00bb0&#8243; global_colors_info=\u00bb{}\u00bb sticky_enabled=\u00bb0&#8243;][et_pb_row _builder_version=\u00bb4.22.2&#8243; _module_preset=\u00bbdefault\u00bb global_colors_info=\u00bb{}\u00bb][et_pb_column type=\u00bb4_4&#8243; _builder_version=\u00bb4.21.0&#8243; _module_preset=\u00bbdefault\u00bb global_colors_info=\u00bb{}\u00bb][et_pb_text _builder_version=\u00bb4.22.2&#8243; _module_preset=\u00bbdefault\u00bb header_2_font_size=\u00bb50px\u00bb custom_margin=\u00bb||10px||false|false\u00bb locked=\u00bboff\u00bb global_colors_info=\u00bb{}\u00bb]<\/p>\n<h2>Declaraci\u00f3n sobre cookies<\/h2>\n<p>[\/et_pb_text][et_pb_divider color=\u00bb#000000&#8243; divider_weight=\u00bb10px\u00bb _builder_version=\u00bb4.21.0&#8243; _module_preset=\u00bbdefault\u00bb width=\u00bb57px\u00bb locked=\u00bboff\u00bb global_colors_info=\u00bb{}\u00bb][\/et_pb_divider][et_pb_text disabled_on=\u00bboff|off|off\u00bb _builder_version=\u00bb4.27.4&#8243; _module_preset=\u00bbdefault\u00bb text_line_height=\u00bb30px\u00bb custom_padding=\u00bb||32px|||\u00bb hover_enabled=\u00bb0&#8243; global_colors_info=\u00bb{}\u00bb sticky_enabled=\u00bb0&#8243;]<\/p>\n<p>Esta Pol\u00edtica de Cookies es parte integrante de la Declaraci\u00f3n de Privacidad de Blinqx y explica c\u00f3mo utilizamos las cookies y tecnolog\u00edas de seguimiento similares en nuestro sitio web. Al visitar nuestro sitio web, aceptas el uso de cookies tal y como se describe en esta pol\u00edtica.<\/p>\n<p><strong>\u00bfQu\u00e9 son las cookies?<br \/><\/strong>Las cookies son peque\u00f1os archivos de texto que se colocan en tu ordenador o dispositivo cuando visitas un sitio web. Tienen varias finalidades, como ayudar a que un sitio web funcione de forma m\u00e1s eficiente, recordar tus preferencias y proporcionar datos anal\u00edticos a los propietarios del sitio web.<\/p>\n<p><strong>Tipos de cookies que utilizamos<\/strong><\/p>\n<ol>\n<li><em>Cookies necesarias<\/em>: Estas cookies son esenciales para el correcto funcionamiento de nuestro sitio web. Suelen establecerse en respuesta a tus acciones, como rellenar formularios o establecer preferencias. No puedes optar por no utilizar estas cookies.<\/li>\n<li><em>Cookies anal\u00edticas<\/em>: Utilizamos cookies anal\u00edticas para recopilar informaci\u00f3n sobre c\u00f3mo se utiliza nuestro sitio web. Esto nos ayuda a analizar el comportamiento de los visitantes, mejorar nuestro sitio web y ofrecer una mejor experiencia al usuario. Para ello, utilizamos Google Analytics (4). Para obtener m\u00e1s informaci\u00f3n sobre la pol\u00edtica <a href=\"https:\/\/support.google.com\/analytics\/answer\/6004245?hl=nl\">de privacidad de Google Analytics<\/a>, consulta la <a href=\"https:\/\/support.google.com\/analytics\/answer\/6004245?hl=nl\">pol\u00edtica de privacidad de Google Analytics<\/a>.<\/li>\n<li><em>Cookies<\/em> de <em>marketing<\/em>: Podemos utilizar cookies de marketing para realizar un seguimiento de tus actividades en l\u00ednea y ofrecerte anuncios personalizados. No utilizamos estas cookies sin tu consentimiento expl\u00edcito.<\/li>\n<li><em>Cookies funcionales<\/em>: Estas cookies nos permiten recordar tus elecciones y preferencias en nuestro sitio web, como las preferencias de idioma o los datos de inicio de sesi\u00f3n.<\/li>\n<\/ol>\n<p><strong><br \/>Cookies de terceros<\/strong>Algunas cookies utilizadas en nuestro sitio web pueden ser instaladas por servicios de terceros. Nuestro objetivo es garantizar que todos los servicios de terceros cumplan con el programa Escudo de Privacidad de la UE y proporcionen un nivel adecuado de protecci\u00f3n de datos.<strong><\/strong><\/p>\n<p><strong><br \/>Gestionar tus cookies<\/strong>Tienes la posibilidad de gestionar y controlar las cookies en la configuraci\u00f3n de tu navegador. Puedes bloquear o eliminar las cookies o configurar tu navegador para que te avise cuando se instalen cookies. Sin embargo, ten en cuenta que algunas partes de nuestro sitio web pueden no funcionar correctamente si decides bloquear las cookies.<\/p>\n<p><strong><br \/>Ponte en contacto con nosotros<\/strong>Si tienes alguna pregunta o duda sobre nuestra Pol\u00edtica de Cookies, no dudes en ponerte en contacto con nosotros en la siguiente direcci\u00f3n: Blinqx Pesetastraat 46 2991 XT Barendrecht<strong><\/strong><\/p>\n<p><strong><br \/>Cambios en esta Pol\u00edtica<\/strong>Podemos actualizar nuestra Pol\u00edtica de Cookies de vez en cuando para reflejar los cambios en nuestras pr\u00e1cticas y servicios. Todas las actualizaciones se publicar\u00e1n en esta p\u00e1gina.<strong><\/strong><\/p>\n<p>\u00daltima actualizaci\u00f3n: [Datum]<\/p>\n<p>[\/et_pb_text][et_pb_text _builder_version=\u00bb4.22.2&#8243; _module_preset=\u00bbdefault\u00bb global_colors_info=\u00bb{}\u00bb]<\/p>\n<p><span>[cookie_declaration]<\/span><\/p>\n<p>[\/et_pb_text][\/et_pb_column][\/et_pb_row][\/et_pb_section]<\/p>\n","protected":false},"excerpt":{"rendered":"<p>Declaraci\u00f3n sobre cookiesEsta Pol\u00edtica de Cookies es parte integrante de la Declaraci\u00f3n de Privacidad de Blinqx y explica c\u00f3mo utilizamos las cookies y tecnolog\u00edas de seguimiento similares en nuestro sitio web. Al visitar nuestro sitio web, aceptas el uso de cookies tal y como se describe en esta pol\u00edtica. \u00bfQu\u00e9 son las cookies?Las cookies son [&hellip;]<\/p>\n","protected":false},"author":2,"featured_media":0,"parent":0,"menu_order":0,"comment_status":"closed","ping_status":"closed","template":"","meta":{"_acf_changed":false,"_et_pb_use_builder":"on","_et_pb_old_content":"","_et_gb_content_width":"","content-type":"","footnotes":"","_links_to":"","_links_to_target":""},"page_tag":[],"class_list":["post-18583","page","type-page","status-publish","hentry"],"acf":[],"yoast_head":"<!-- This site is optimized with the Yoast SEO plugin v27.3 - https:\/\/yoast.com\/product\/yoast-seo-wordpress\/ -->\n<title>Declaraci\u00f3n sobre cookies - BaseNet<\/title>\n<meta name=\"robots\" content=\"index, follow, max-snippet:-1, max-image-preview:large, max-video-preview:-1\" \/>\n<link rel=\"canonical\" href=\"https:\/\/basenet.com\/es\/declaracion-sobre-cookies\" \/>\n<meta property=\"og:locale\" content=\"es_ES\" \/>\n<meta property=\"og:type\" content=\"article\" \/>\n<meta property=\"og:title\" content=\"Declaraci\u00f3n sobre cookies - BaseNet\" \/>\n<meta property=\"og:description\" content=\"Declaraci\u00f3n sobre cookiesEsta Pol\u00edtica de Cookies es parte integrante de la Declaraci\u00f3n de Privacidad de Blinqx y explica c\u00f3mo utilizamos las cookies y tecnolog\u00edas de seguimiento similares en nuestro sitio web. Al visitar nuestro sitio web, aceptas el uso de cookies tal y como se describe en esta pol\u00edtica. \u00bfQu\u00e9 son las cookies?Las cookies son [&hellip;]\" \/>\n<meta property=\"og:url\" content=\"https:\/\/basenet.com\/es\/declaracion-sobre-cookies\" \/>\n<meta property=\"og:site_name\" content=\"BaseNet\" \/>\n<meta property=\"article:modified_time\" content=\"2025-05-28T15:16:48+00:00\" \/>\n<meta name=\"twitter:card\" content=\"summary_large_image\" \/>\n<meta name=\"twitter:label1\" content=\"Tiempo de lectura\" \/>\n\t<meta name=\"twitter:data1\" content=\"3 minutos\" \/>\n<script type=\"application\/ld+json\" class=\"yoast-schema-graph\">{\"@context\":\"https:\\\/\\\/schema.org\",\"@graph\":[{\"@type\":\"WebPage\",\"@id\":\"https:\\\/\\\/basenet.com\\\/es\\\/declaracion-sobre-cookies\",\"url\":\"https:\\\/\\\/basenet.com\\\/es\\\/declaracion-sobre-cookies\",\"name\":\"Declaraci\u00f3n sobre cookies - BaseNet\",\"isPartOf\":{\"@id\":\"https:\\\/\\\/basenet.com\\\/es#website\"},\"datePublished\":\"2023-11-06T10:36:20+00:00\",\"dateModified\":\"2025-05-28T15:16:48+00:00\",\"breadcrumb\":{\"@id\":\"https:\\\/\\\/basenet.com\\\/es\\\/declaracion-sobre-cookies#breadcrumb\"},\"inLanguage\":\"es\",\"potentialAction\":[{\"@type\":\"ReadAction\",\"target\":[\"https:\\\/\\\/basenet.com\\\/es\\\/declaracion-sobre-cookies\"]}]},{\"@type\":\"BreadcrumbList\",\"@id\":\"https:\\\/\\\/basenet.com\\\/es\\\/declaracion-sobre-cookies#breadcrumb\",\"itemListElement\":[{\"@type\":\"ListItem\",\"position\":1,\"name\":\"Home\",\"item\":\"https:\\\/\\\/basenet.com\\\/es\"},{\"@type\":\"ListItem\",\"position\":2,\"name\":\"Declaraci\u00f3n sobre cookies\"}]},{\"@type\":\"WebSite\",\"@id\":\"https:\\\/\\\/basenet.com\\\/es#website\",\"url\":\"https:\\\/\\\/basenet.com\\\/es\",\"name\":\"BaseNet\",\"description\":\"Stay ahead.\",\"publisher\":{\"@id\":\"https:\\\/\\\/basenet.com\\\/es#organization\"},\"potentialAction\":[{\"@type\":\"SearchAction\",\"target\":{\"@type\":\"EntryPoint\",\"urlTemplate\":\"https:\\\/\\\/basenet.com\\\/es?s={search_term_string}\"},\"query-input\":{\"@type\":\"PropertyValueSpecification\",\"valueRequired\":true,\"valueName\":\"search_term_string\"}}],\"inLanguage\":\"es\"},{\"@type\":\"Organization\",\"@id\":\"https:\\\/\\\/basenet.com\\\/es#organization\",\"name\":\"BaseNet\",\"url\":\"https:\\\/\\\/basenet.com\\\/es\",\"logo\":{\"@type\":\"ImageObject\",\"inLanguage\":\"es\",\"@id\":\"https:\\\/\\\/basenet.com\\\/es#\\\/schema\\\/logo\\\/image\\\/\",\"url\":\"\",\"contentUrl\":\"\",\"caption\":\"BaseNet\"},\"image\":{\"@id\":\"https:\\\/\\\/basenet.com\\\/es#\\\/schema\\\/logo\\\/image\\\/\"}}]}<\/script>\n<!-- \/ Yoast SEO plugin. -->","yoast_head_json":{"title":"Declaraci\u00f3n sobre cookies - BaseNet","robots":{"index":"index","follow":"follow","max-snippet":"max-snippet:-1","max-image-preview":"max-image-preview:large","max-video-preview":"max-video-preview:-1"},"canonical":"https:\/\/basenet.com\/es\/declaracion-sobre-cookies","og_locale":"es_ES","og_type":"article","og_title":"Declaraci\u00f3n sobre cookies - BaseNet","og_description":"Declaraci\u00f3n sobre cookiesEsta Pol\u00edtica de Cookies es parte integrante de la Declaraci\u00f3n de Privacidad de Blinqx y explica c\u00f3mo utilizamos las cookies y tecnolog\u00edas de seguimiento similares en nuestro sitio web. Al visitar nuestro sitio web, aceptas el uso de cookies tal y como se describe en esta pol\u00edtica. \u00bfQu\u00e9 son las cookies?Las cookies son [&hellip;]","og_url":"https:\/\/basenet.com\/es\/declaracion-sobre-cookies","og_site_name":"BaseNet","article_modified_time":"2025-05-28T15:16:48+00:00","twitter_card":"summary_large_image","twitter_misc":{"Tiempo de lectura":"3 minutos"},"schema":{"@context":"https:\/\/schema.org","@graph":[{"@type":"WebPage","@id":"https:\/\/basenet.com\/es\/declaracion-sobre-cookies","url":"https:\/\/basenet.com\/es\/declaracion-sobre-cookies","name":"Declaraci\u00f3n sobre cookies - BaseNet","isPartOf":{"@id":"https:\/\/basenet.com\/es#website"},"datePublished":"2023-11-06T10:36:20+00:00","dateModified":"2025-05-28T15:16:48+00:00","breadcrumb":{"@id":"https:\/\/basenet.com\/es\/declaracion-sobre-cookies#breadcrumb"},"inLanguage":"es","potentialAction":[{"@type":"ReadAction","target":["https:\/\/basenet.com\/es\/declaracion-sobre-cookies"]}]},{"@type":"BreadcrumbList","@id":"https:\/\/basenet.com\/es\/declaracion-sobre-cookies#breadcrumb","itemListElement":[{"@type":"ListItem","position":1,"name":"Home","item":"https:\/\/basenet.com\/es"},{"@type":"ListItem","position":2,"name":"Declaraci\u00f3n sobre cookies"}]},{"@type":"WebSite","@id":"https:\/\/basenet.com\/es#website","url":"https:\/\/basenet.com\/es","name":"BaseNet","description":"Stay ahead.","publisher":{"@id":"https:\/\/basenet.com\/es#organization"},"potentialAction":[{"@type":"SearchAction","target":{"@type":"EntryPoint","urlTemplate":"https:\/\/basenet.com\/es?s={search_term_string}"},"query-input":{"@type":"PropertyValueSpecification","valueRequired":true,"valueName":"search_term_string"}}],"inLanguage":"es"},{"@type":"Organization","@id":"https:\/\/basenet.com\/es#organization","name":"BaseNet","url":"https:\/\/basenet.com\/es","logo":{"@type":"ImageObject","inLanguage":"es","@id":"https:\/\/basenet.com\/es#\/schema\/logo\/image\/","url":"","contentUrl":"","caption":"BaseNet"},"image":{"@id":"https:\/\/basenet.com\/es#\/schema\/logo\/image\/"}}]}},"_links":{"self":[{"href":"https:\/\/basenet.com\/es\/wp-json\/wp\/v2\/pages\/18583","targetHints":{"allow":["GET"]}}],"collection":[{"href":"https:\/\/basenet.com\/es\/wp-json\/wp\/v2\/pages"}],"about":[{"href":"https:\/\/basenet.com\/es\/wp-json\/wp\/v2\/types\/page"}],"author":[{"embeddable":true,"href":"https:\/\/basenet.com\/es\/wp-json\/wp\/v2\/users\/2"}],"replies":[{"embeddable":true,"href":"https:\/\/basenet.com\/es\/wp-json\/wp\/v2\/comments?post=18583"}],"version-history":[{"count":5,"href":"https:\/\/basenet.com\/es\/wp-json\/wp\/v2\/pages\/18583\/revisions"}],"predecessor-version":[{"id":20757,"href":"https:\/\/basenet.com\/es\/wp-json\/wp\/v2\/pages\/18583\/revisions\/20757"}],"wp:attachment":[{"href":"https:\/\/basenet.com\/es\/wp-json\/wp\/v2\/media?parent=18583"}],"wp:term":[{"taxonomy":"page_tag","embeddable":true,"href":"https:\/\/basenet.com\/es\/wp-json\/wp\/v2\/page_tag?post=18583"}],"curies":[{"name":"wp","href":"https:\/\/api.w.org\/{rel}","templated":true}]}}